{"id":1314,"date":"2019-03-21T17:12:23","date_gmt":"2019-03-21T15:12:23","guid":{"rendered":"https:\/\/natura.com.cy\/green-facts-plantations\/"},"modified":"2025-10-15T11:00:00","modified_gmt":"2025-10-15T09:00:00","slug":"green-facts-plantations","status":"publish","type":"page","link":"https:\/\/natura.com.cy\/pl\/green-facts-plantations\/","title":{"rendered":"ZR\u00d3WNOWA\u017bONY ROZW\u00d3J"},"content":{"rendered":"","protected":false},"excerpt":{"rendered":"","protected":false},"author":1,"featured_media":0,"parent":0,"menu_order":5,"comment_status":"closed","ping_status":"closed","template":"","meta":{"footnotes":""},"class_list":["post-1314","page","type-page","status-publish","hentry"],"aioseo_notices":[],"_links":{"self":[{"href":"https:\/\/natura.com.cy\/pl\/wp-json\/wp\/v2\/pages\/1314","targetHints":{"allow":["GET"]}}],"collection":[{"href":"https:\/\/natura.com.cy\/pl\/wp-json\/wp\/v2\/pages"}],"about":[{"href":"https:\/\/natura.com.cy\/pl\/wp-json\/wp\/v2\/types\/page"}],"author":[{"embeddable":true,"href":"https:\/\/natura.com.cy\/pl\/wp-json\/wp\/v2\/users\/1"}],"replies":[{"embeddable":true,"href":"https:\/\/natura.com.cy\/pl\/wp-json\/wp\/v2\/comments?post=1314"}],"version-history":[{"count":3,"href":"https:\/\/natura.com.cy\/pl\/wp-json\/wp\/v2\/pages\/1314\/revisions"}],"predecessor-version":[{"id":1329,"href":"https:\/\/natura.com.cy\/pl\/wp-json\/wp\/v2\/pages\/1314\/revisions\/1329"}],"wp:attachment":[{"href":"https:\/\/natura.com.cy\/pl\/wp-json\/wp\/v2\/media?parent=1314"}],"curies":[{"name":"wp","href":"https:\/\/api.w.org\/{rel}","templated":true}]}}